{"id":16580,"date":"2025-03-04T01:24:34","date_gmt":"2025-03-04T00:24:34","guid":{"rendered":"https:\/\/emedswiss.ch\/emededm\/"},"modified":"2025-04-15T14:45:33","modified_gmt":"2025-04-15T13:45:33","slug":"emededm","status":"publish","type":"page","link":"https:\/\/emedswiss.ch\/de\/emededm\/","title":{"rendered":"emedEDM"},"content":{"rendered":"\t\t<div data-elementor-type=\"wp-page\" data-elementor-id=\"16580\" class=\"elementor elementor-16580 elementor-13360\">\n\t\t\t\t<div class=\"elementor-element elementor-element-bf7d6cc e-flex e-con-boxed e-con e-parent\" data-id=\"bf7d6cc\" data-element_type=\"container\" data-e-type=\"container\">\n\t\t\t\t\t<div class=\"e-con-inner\">\n\t\t\t\t<div class=\"elementor-element elementor-element-de6d933 elementor-widget elementor-widget-spacer\" data-id=\"de6d933\" data-element_type=\"widget\" data-e-type=\"widget\" data-widget_type=\"spacer.default\">\n\t\t\t\t<div class=\"elementor-widget-container\">\n\t\t\t\t\t\t\t<div class=\"elementor-spacer\">\n\t\t\t<div class=\"elementor-spacer-inner\"><\/div>\n\t\t<\/div>\n\t\t\t\t\t\t<\/div>\n\t\t\t\t<\/div>\n\t\t\t\t\t<\/div>\n\t\t\t\t<\/div>\n\t\t<div class=\"elementor-element elementor-element-c10c97c e-flex e-con-boxed e-con e-parent\" data-id=\"c10c97c\" data-element_type=\"container\" data-e-type=\"container\">\n\t\t\t\t\t<div class=\"e-con-inner\">\n\t\t\t\t<div class=\"elementor-element elementor-element-2335ca6 elementor-widget elementor-widget-heading\" data-id=\"2335ca6\" data-element_type=\"widget\" data-e-type=\"widget\" data-widget_type=\"heading.default\">\n\t\t\t\t<div class=\"elementor-widget-container\">\n\t\t\t\t\t<h1 class=\"elementor-heading-title elementor-size-default\">emedEdm<\/h1>\t\t\t\t<\/div>\n\t\t\t\t<\/div>\n\t\t\t\t\t<\/div>\n\t\t\t\t<\/div>\n\t\t<div class=\"elementor-element elementor-element-87e33c9 e-flex e-con-boxed e-con e-parent\" data-id=\"87e33c9\" data-element_type=\"container\" data-e-type=\"container\">\n\t\t\t\t\t<div class=\"e-con-inner\">\n\t\t\t\t<div class=\"elementor-element elementor-element-cb3e1d0 elementor-widget elementor-widget-text-editor\" data-id=\"cb3e1d0\" data-element_type=\"widget\" data-e-type=\"widget\" data-widget_type=\"text-editor.default\">\n\t\t\t\t<div class=\"elementor-widget-container\">\n\t\t\t\t\t\t\t\t\t<p class=\"p2\">Integriertes Dokumentenmanagement f\u00fcr eine optimierte Patientenbetreuung<\/p>\t\t\t\t\t\t\t\t<\/div>\n\t\t\t\t<\/div>\n\t\t\t\t\t<\/div>\n\t\t\t\t<\/div>\n\t\t<div class=\"elementor-element elementor-element-2ef2d0d e-flex e-con-boxed e-con e-parent\" data-id=\"2ef2d0d\" data-element_type=\"container\" data-e-type=\"container\">\n\t\t\t\t\t<div class=\"e-con-inner\">\n\t\t\t\t<div class=\"elementor-element elementor-element-2a36fa2 elementor-widget elementor-widget-spacer\" data-id=\"2a36fa2\" data-element_type=\"widget\" data-e-type=\"widget\" data-widget_type=\"spacer.default\">\n\t\t\t\t<div class=\"elementor-widget-container\">\n\t\t\t\t\t\t\t<div class=\"elementor-spacer\">\n\t\t\t<div class=\"elementor-spacer-inner\"><\/div>\n\t\t<\/div>\n\t\t\t\t\t\t<\/div>\n\t\t\t\t<\/div>\n\t\t\t\t\t<\/div>\n\t\t\t\t<\/div>\n\t\t<div class=\"elementor-element elementor-element-d0b485a e-flex e-con-boxed e-con e-parent\" data-id=\"d0b485a\" data-element_type=\"container\" data-e-type=\"container\">\n\t\t\t\t\t<div class=\"e-con-inner\">\n\t\t<div class=\"elementor-element elementor-element-562c070 e-con-full e-flex e-con e-child\" data-id=\"562c070\" data-element_type=\"container\" data-e-type=\"container\">\n\t\t\t\t<div class=\"elementor-element elementor-element-d1b4aca elementor-widget elementor-widget-text-editor\" data-id=\"d1b4aca\" data-element_type=\"widget\" data-e-type=\"widget\" data-widget_type=\"text-editor.default\">\n\t\t\t\t<div class=\"elementor-widget-container\">\n\t\t\t\t\t\t\t\t\t<p class=\"p2\"><b>emedEDM<\/b> ist ein vollst\u00e4ndig integriertes Modul f\u00fcr das <b>elektronische Dokumentenmanagement (DMS)<\/b>, entwickelt zur Vereinfachung und Absicherung Ihrer Dokumentationsprozesse.<br>Dokumente einfach klassifizieren, weiterleiten und freigeben \u2013 sicher und effizient <\/p>\t\t\t\t\t\t\t\t<\/div>\n\t\t\t\t<\/div>\n\t\t\t\t<\/div>\n\t\t\t\t\t<\/div>\n\t\t\t\t<\/div>\n\t\t<div class=\"elementor-element elementor-element-b50a66e e-flex e-con-boxed e-con e-parent\" data-id=\"b50a66e\" data-element_type=\"container\" data-e-type=\"container\">\n\t\t\t\t\t<div class=\"e-con-inner\">\n\t\t\t\t<div class=\"elementor-element elementor-element-6fcca0c elementor-align-center e-transform elementor-invisible elementor-widget elementor-widget-button\" data-id=\"6fcca0c\" data-element_type=\"widget\" data-e-type=\"widget\" data-settings=\"{&quot;_animation&quot;:&quot;bounceInLeft&quot;,&quot;_transform_scale_effect_hover&quot;:{&quot;unit&quot;:&quot;px&quot;,&quot;size&quot;:1.3,&quot;sizes&quot;:[]},&quot;_transform_scale_effect_hover_tablet&quot;:{&quot;unit&quot;:&quot;px&quot;,&quot;size&quot;:&quot;&quot;,&quot;sizes&quot;:[]},&quot;_transform_scale_effect_hover_mobile&quot;:{&quot;unit&quot;:&quot;px&quot;,&quot;size&quot;:&quot;&quot;,&quot;sizes&quot;:[]}}\" data-widget_type=\"button.default\">\n\t\t\t\t<div class=\"elementor-widget-container\">\n\t\t\t\t\t\t\t\t\t<div class=\"elementor-button-wrapper\">\n\t\t\t\t\t<a class=\"elementor-button elementor-button-link elementor-size-sm\" href=\"https:\/\/emedswiss.ch\/de\/demo-kontakt\/\">\n\t\t\t\t\t\t<span class=\"elementor-button-content-wrapper\">\n\t\t\t\t\t\t\t\t\t<span class=\"elementor-button-text\">eine Demo erhalten<\/span>\n\t\t\t\t\t<\/span>\n\t\t\t\t\t<\/a>\n\t\t\t\t<\/div>\n\t\t\t\t\t\t\t\t<\/div>\n\t\t\t\t<\/div>\n\t\t\t\t\t<\/div>\n\t\t\t\t<\/div>\n\t\t<div class=\"elementor-element elementor-element-3954f7d e-grid e-con-boxed e-con e-parent\" data-id=\"3954f7d\" data-element_type=\"container\" data-e-type=\"container\" data-settings=\"{&quot;background_background&quot;:&quot;classic&quot;}\">\n\t\t\t\t\t<div class=\"e-con-inner\">\n\t\t\t\t<div class=\"elementor-element elementor-element-77feb55 elementor-widget elementor-widget-text-editor\" data-id=\"77feb55\" data-element_type=\"widget\" data-e-type=\"widget\" data-widget_type=\"text-editor.default\">\n\t\t\t\t<div class=\"elementor-widget-container\">\n\t\t\t\t\t\t\t\t\t<h5>Dokumentenprozesse automatisieren \u2013 Produktivit\u00e4t steigern<\/h5><p class=\"p2\">\u2714\ufe0f<\/p><p class=\"p2\">Optimieren Sie Ihre Abl\u00e4ufe durch automatisierte Workflows, sparen Sie wertvolle Zeit und konzentrieren Sie sich auf das Wesentliche \u2013 minimieren Sie das Risiko menschlicher Fehler.<\/p>\t\t\t\t\t\t\t\t<\/div>\n\t\t\t\t<\/div>\n\t\t\t\t<div class=\"elementor-element elementor-element-e09bdd5 elementor-widget elementor-widget-text-editor\" data-id=\"e09bdd5\" data-element_type=\"widget\" data-e-type=\"widget\" data-widget_type=\"text-editor.default\">\n\t\t\t\t<div class=\"elementor-widget-container\">\n\t\t\t\t\t\t\t\t\t<h5>Sichere \u00dcbermittlung zur medizinischen Validierung<\/h5><p class=\"p2\">\u2714\ufe0f<\/p><p class=\"p2\">Leiten Sie Dokumente m\u00fchelos zur Pr\u00fcfung und Freigabe weiter \u2013 mit vollst\u00e4ndiger Nachverfolgbarkeit und f\u00fcr eine gest\u00e4rkte interprofessionelle Zusammenarbeit.<\/p>\t\t\t\t\t\t\t\t<\/div>\n\t\t\t\t<\/div>\n\t\t\t\t<div class=\"elementor-element elementor-element-29d7157 elementor-widget elementor-widget-text-editor\" data-id=\"29d7157\" data-element_type=\"widget\" data-e-type=\"widget\" data-widget_type=\"text-editor.default\">\n\t\t\t\t<div class=\"elementor-widget-container\">\n\t\t\t\t\t\t\t\t\t<h5>Schnelle Ablage und einfacher Dokumentenzugriff<\/h5><p class=\"p2\">\u2714\ufe0f<\/p><p class=\"p2\">Finden Sie Patientendokumente in Sekunden \u2013 dank strukturierter Ablage und intelligenter Suchfunktion.<\/p>\t\t\t\t\t\t\t\t<\/div>\n\t\t\t\t<\/div>\n\t\t\t\t\t<\/div>\n\t\t\t\t<\/div>\n\t\t<div class=\"elementor-element elementor-element-f9aad62 e-grid e-con-boxed e-con e-parent\" data-id=\"f9aad62\" data-element_type=\"container\" data-e-type=\"container\" data-settings=\"{&quot;background_background&quot;:&quot;classic&quot;}\">\n\t\t\t\t\t<div class=\"e-con-inner\">\n\t\t\t\t<div class=\"elementor-element elementor-element-8eeb1a3 elementor-widget elementor-widget-text-editor\" data-id=\"8eeb1a3\" data-element_type=\"widget\" data-e-type=\"widget\" data-widget_type=\"text-editor.default\">\n\t\t\t\t<div class=\"elementor-widget-container\">\n\t\t\t\t\t\t\t\t\t<h5>Zentrale Dokumentenverwaltung<\/h5><p class=\"p2\">\u2714\ufe0f<\/p><p class=\"p2\">Empfangen und integrieren Sie externe Dokumente m\u00fchelos \u2013 konform mit den Sicherheitsstandards f\u00fcr medizinische Daten und vollst\u00e4ndig zentralisiert in Ihrer L\u00f6sung.<\/p>\t\t\t\t\t\t\t\t<\/div>\n\t\t\t\t<\/div>\n\t\t\t\t\t<\/div>\n\t\t\t\t<\/div>\n\t\t<div class=\"elementor-element elementor-element-54b8340 e-flex e-con-boxed e-con e-parent\" data-id=\"54b8340\" data-element_type=\"container\" data-e-type=\"container\">\n\t\t\t\t\t<div class=\"e-con-inner\">\n\t\t\t\t<div class=\"elementor-element elementor-element-3254ee3 elementor-widget elementor-widget-spacer\" data-id=\"3254ee3\" data-element_type=\"widget\" data-e-type=\"widget\" data-widget_type=\"spacer.default\">\n\t\t\t\t<div class=\"elementor-widget-container\">\n\t\t\t\t\t\t\t<div class=\"elementor-spacer\">\n\t\t\t<div class=\"elementor-spacer-inner\"><\/div>\n\t\t<\/div>\n\t\t\t\t\t\t<\/div>\n\t\t\t\t<\/div>\n\t\t\t\t\t<\/div>\n\t\t\t\t<\/div>\n\t\t<div class=\"elementor-element elementor-element-61ba42c e-grid elementor-hidden-mobile elementor-hidden-tablet e-con-boxed e-con e-parent\" data-id=\"61ba42c\" data-element_type=\"container\" data-e-type=\"container\" data-settings=\"{&quot;background_background&quot;:&quot;classic&quot;}\">\n\t\t\t\t\t<div class=\"e-con-inner\">\n\t\t\t\t<div class=\"elementor-element elementor-element-fcd813d elementor-widget__width-initial elementor-widget-mobile__width-inherit elementor-hidden-mobile elementor-widget elementor-widget-text-editor\" data-id=\"fcd813d\" data-element_type=\"widget\" data-e-type=\"widget\" data-widget_type=\"text-editor.default\">\n\t\t\t\t<div class=\"elementor-widget-container\">\n\t\t\t\t\t\t\t\t\t<p>Place des Perri\u00e8res 2<br>1296 Coppet<br>Tel. +41 22 512 12 12 | Mail: contact@emedswiss.ch<\/p>\t\t\t\t\t\t\t\t<\/div>\n\t\t\t\t<\/div>\n\t\t\t\t<div class=\"elementor-element elementor-element-6bb7bbe elementor-widget__width-initial elementor-widget-mobile__width-inherit elementor-widget elementor-widget-text-editor\" data-id=\"6bb7bbe\" data-element_type=\"widget\" data-e-type=\"widget\" data-widget_type=\"text-editor.default\">\n\t\t\t\t<div class=\"elementor-widget-container\">\n\t\t\t\t\t\t\t\t\t<p><em>emedSwiss SA &#8211; Alle Rechte vorbehalten &#8211; Visuelle Identit\u00e4t und Web-Design : <a href=\"https:\/\/www.instagram.com\/dianeclaire.z\/\">dianeclaire.z<\/a> &amp; <a href=\"https:\/\/illyria.ch\/\">\u00a9 Illyria Communication<\/a><\/em><\/p>\t\t\t\t\t\t\t\t<\/div>\n\t\t\t\t<\/div>\n\t\t\t\t\t<\/div>\n\t\t\t\t<\/div>\n\t\t<div class=\"elementor-element elementor-element-a7fd02b e-con-full elementor-hidden-mobile elementor-hidden-tablet e-flex e-con e-parent\" data-id=\"a7fd02b\" data-element_type=\"container\" data-e-type=\"container\" data-settings=\"{&quot;background_background&quot;:&quot;classic&quot;}\">\n\t\t\t\t<div class=\"elementor-element elementor-element-b3ebf70 elementor-widget elementor-widget-image\" data-id=\"b3ebf70\" data-element_type=\"widget\" data-e-type=\"widget\" data-widget_type=\"image.default\">\n\t\t\t\t<div class=\"elementor-widget-container\">\n\t\t\t\t\t\t\t\t\t\t\t\t\t\t\t<img fetchpriority=\"high\" decoding=\"async\" width=\"1778\" height=\"3000\" src=\"https:\/\/emedswiss.ch\/wp-content\/uploads\/2024\/12\/EMEDSWISS-LOGO.png\" class=\"attachment-full size-full wp-image-16187\" alt=\"\" srcset=\"https:\/\/emedswiss.ch\/wp-content\/uploads\/2024\/12\/EMEDSWISS-LOGO.png 1778w, https:\/\/emedswiss.ch\/wp-content\/uploads\/2024\/12\/EMEDSWISS-LOGO-178x300.png 178w, https:\/\/emedswiss.ch\/wp-content\/uploads\/2024\/12\/EMEDSWISS-LOGO-607x1024.png 607w, https:\/\/emedswiss.ch\/wp-content\/uploads\/2024\/12\/EMEDSWISS-LOGO-768x1296.png 768w, https:\/\/emedswiss.ch\/wp-content\/uploads\/2024\/12\/EMEDSWISS-LOGO-910x1536.png 910w, https:\/\/emedswiss.ch\/wp-content\/uploads\/2024\/12\/EMEDSWISS-LOGO-1214x2048.png 1214w, https:\/\/emedswiss.ch\/wp-content\/uploads\/2024\/12\/EMEDSWISS-LOGO-600x1012.png 600w, https:\/\/emedswiss.ch\/wp-content\/uploads\/2024\/12\/elementor\/thumbs\/EMEDSWISS-LOGO-qysdjvd7wff7x3q5ia8gj7spbxbwpi13aa8m2xnlz4.png 190w, https:\/\/emedswiss.ch\/wp-content\/uploads\/2024\/12\/elementor\/thumbs\/EMEDSWISS-LOGO-qysdjvda7r56kvrtj45vn06lsvbgthphu83meg1ssg.png 380w\" sizes=\"(max-width: 1778px) 100vw, 1778px\" \/>\t\t\t\t\t\t\t\t\t\t\t\t\t\t\t<\/div>\n\t\t\t\t<\/div>\n\t\t\t\t<div class=\"elementor-element elementor-element-28778e7 elementor-widget elementor-widget-image\" data-id=\"28778e7\" data-element_type=\"widget\" data-e-type=\"widget\" data-widget_type=\"image.default\">\n\t\t\t\t<div class=\"elementor-widget-container\">\n\t\t\t\t\t\t\t\t\t\t\t\t\t\t\t<img decoding=\"async\" src=\"https:\/\/emedswiss.ch\/wp-content\/uploads\/elementor\/thumbs\/LOGO-modif-EMEDSWISS_RVB_blanc-qysdgnr2b182n07c8ls87evazano3w3ne9ox5c1nwo.png\" title=\"LOGO-modif-EMEDSWISS_RVB_blanc\" alt=\"LOGO-modif-EMEDSWISS_RVB_blanc\" loading=\"lazy\" \/>\t\t\t\t\t\t\t\t\t\t\t\t\t\t\t<\/div>\n\t\t\t\t<\/div>\n\t\t\t\t<\/div>\n\t\t<div class=\"elementor-element elementor-element-01ac98f elementor-hidden-desktop e-flex e-con-boxed e-con e-parent\" data-id=\"01ac98f\" data-element_type=\"container\" data-e-type=\"container\">\n\t\t\t\t\t<div class=\"e-con-inner\">\n\t\t\t\t<div class=\"elementor-element elementor-element-6182117 elementor-widget elementor-widget-image\" data-id=\"6182117\" data-element_type=\"widget\" data-e-type=\"widget\" data-widget_type=\"image.default\">\n\t\t\t\t<div class=\"elementor-widget-container\">\n\t\t\t\t\t\t\t\t\t\t\t\t\t\t\t<img decoding=\"async\" width=\"1024\" height=\"354\" src=\"https:\/\/emedswiss.ch\/wp-content\/uploads\/2025\/03\/Capture-decran-2025-03-20-a-23.07.17-1024x354.png\" class=\"attachment-large size-large wp-image-16391\" alt=\"\" srcset=\"https:\/\/emedswiss.ch\/wp-content\/uploads\/2025\/03\/Capture-decran-2025-03-20-a-23.07.17-1024x354.png 1024w, https:\/\/emedswiss.ch\/wp-content\/uploads\/2025\/03\/Capture-decran-2025-03-20-a-23.07.17-300x104.png 300w, https:\/\/emedswiss.ch\/wp-content\/uploads\/2025\/03\/Capture-decran-2025-03-20-a-23.07.17-768x266.png 768w, https:\/\/emedswiss.ch\/wp-content\/uploads\/2025\/03\/Capture-decran-2025-03-20-a-23.07.17-1536x532.png 1536w, https:\/\/emedswiss.ch\/wp-content\/uploads\/2025\/03\/Capture-decran-2025-03-20-a-23.07.17-600x208.png 600w, https:\/\/emedswiss.ch\/wp-content\/uploads\/2025\/03\/Capture-decran-2025-03-20-a-23.07.17.png 1612w\" sizes=\"(max-width: 1024px) 100vw, 1024px\" \/>\t\t\t\t\t\t\t\t\t\t\t\t\t\t\t<\/div>\n\t\t\t\t<\/div>\n\t\t\t\t\t<\/div>\n\t\t\t\t<\/div>\n\t\t\t\t<\/div>\n\t\t","protected":false},"excerpt":{"rendered":"<p>emedEdm Integriertes Dokumentenmanagement f\u00fcr eine optimierte Patientenbetreuung emedEDM ist ein vollst\u00e4ndig integriertes Modul f\u00fcr das elektronische Dokumentenmanagement (DMS), entwickelt zur Vereinfachung und Absicherung Ihrer Dokumentationsprozesse.Dokumente einfach klassifizieren, weiterleiten und freigeben \u2013 sicher und effizient eine Demo erhalten Dokumentenprozesse automatisieren \u2013 Produktivit\u00e4t steigern \u2714\ufe0f Optimieren Sie Ihre Abl\u00e4ufe durch automatisierte Workflows, sparen Sie wertvolle Zeit und [&hellip;]<\/p>\n","protected":false},"author":1,"featured_media":0,"parent":0,"menu_order":0,"comment_status":"closed","ping_status":"closed","template":"page-full-width.php","meta":{"footnotes":""},"class_list":["post-16580","page","type-page","status-publish","hentry"],"yoast_head":"<!-- This site is optimized with the Yoast SEO plugin v27.3 - https:\/\/yoast.com\/product\/yoast-seo-wordpress\/ -->\n<title>emedEDM - emedSwiss<\/title>\n<meta name=\"robots\" content=\"index, follow, max-snippet:-1, max-image-preview:large, max-video-preview:-1\" \/>\n<link rel=\"canonical\" href=\"https:\/\/emedswiss.ch\/de\/emededm\/\" \/>\n<meta property=\"og:locale\" content=\"de_DE\" \/>\n<meta property=\"og:type\" content=\"article\" \/>\n<meta property=\"og:title\" content=\"emedEDM - emedSwiss\" \/>\n<meta property=\"og:description\" content=\"emedEdm Integriertes Dokumentenmanagement f\u00fcr eine optimierte Patientenbetreuung emedEDM ist ein vollst\u00e4ndig integriertes Modul f\u00fcr das elektronische Dokumentenmanagement (DMS), entwickelt zur Vereinfachung und Absicherung Ihrer Dokumentationsprozesse.Dokumente einfach klassifizieren, weiterleiten und freigeben \u2013 sicher und effizient eine Demo erhalten Dokumentenprozesse automatisieren \u2013 Produktivit\u00e4t steigern \u2714\ufe0f Optimieren Sie Ihre Abl\u00e4ufe durch automatisierte Workflows, sparen Sie wertvolle Zeit und [&hellip;]\" \/>\n<meta property=\"og:url\" content=\"https:\/\/emedswiss.ch\/de\/emededm\/\" \/>\n<meta property=\"og:site_name\" content=\"emedSwiss\" \/>\n<meta property=\"article:modified_time\" content=\"2025-04-15T13:45:33+00:00\" \/>\n<meta property=\"og:image\" content=\"https:\/\/emedswiss.ch\/wp-content\/uploads\/2024\/12\/EMEDSWISS-LOGO.png\" \/>\n\t<meta property=\"og:image:width\" content=\"1778\" \/>\n\t<meta property=\"og:image:height\" content=\"3000\" \/>\n\t<meta property=\"og:image:type\" content=\"image\/png\" \/>\n<meta name=\"twitter:card\" content=\"summary_large_image\" \/>\n<meta name=\"twitter:label1\" content=\"Gesch\u00e4tzte Lesezeit\" \/>\n\t<meta name=\"twitter:data1\" content=\"2\u00a0Minuten\" \/>\n<script type=\"application\/ld+json\" class=\"yoast-schema-graph\">{\"@context\":\"https:\\\/\\\/schema.org\",\"@graph\":[{\"@type\":\"WebPage\",\"@id\":\"https:\\\/\\\/emedswiss.ch\\\/de\\\/emededm\\\/\",\"url\":\"https:\\\/\\\/emedswiss.ch\\\/de\\\/emededm\\\/\",\"name\":\"emedEDM - emedSwiss\",\"isPartOf\":{\"@id\":\"https:\\\/\\\/emedswiss.ch\\\/de\\\/#website\"},\"primaryImageOfPage\":{\"@id\":\"https:\\\/\\\/emedswiss.ch\\\/de\\\/emededm\\\/#primaryimage\"},\"image\":{\"@id\":\"https:\\\/\\\/emedswiss.ch\\\/de\\\/emededm\\\/#primaryimage\"},\"thumbnailUrl\":\"https:\\\/\\\/emedswiss.ch\\\/wp-content\\\/uploads\\\/2024\\\/12\\\/EMEDSWISS-LOGO.png\",\"datePublished\":\"2025-03-04T00:24:34+00:00\",\"dateModified\":\"2025-04-15T13:45:33+00:00\",\"breadcrumb\":{\"@id\":\"https:\\\/\\\/emedswiss.ch\\\/de\\\/emededm\\\/#breadcrumb\"},\"inLanguage\":\"de\",\"potentialAction\":[{\"@type\":\"ReadAction\",\"target\":[\"https:\\\/\\\/emedswiss.ch\\\/de\\\/emededm\\\/\"]}]},{\"@type\":\"ImageObject\",\"inLanguage\":\"de\",\"@id\":\"https:\\\/\\\/emedswiss.ch\\\/de\\\/emededm\\\/#primaryimage\",\"url\":\"https:\\\/\\\/emedswiss.ch\\\/wp-content\\\/uploads\\\/2024\\\/12\\\/EMEDSWISS-LOGO.png\",\"contentUrl\":\"https:\\\/\\\/emedswiss.ch\\\/wp-content\\\/uploads\\\/2024\\\/12\\\/EMEDSWISS-LOGO.png\"},{\"@type\":\"BreadcrumbList\",\"@id\":\"https:\\\/\\\/emedswiss.ch\\\/de\\\/emededm\\\/#breadcrumb\",\"itemListElement\":[{\"@type\":\"ListItem\",\"position\":1,\"name\":\"Accueil\",\"item\":\"https:\\\/\\\/emedswiss.ch\\\/de\\\/\"},{\"@type\":\"ListItem\",\"position\":2,\"name\":\"emedEDM\"}]},{\"@type\":\"WebSite\",\"@id\":\"https:\\\/\\\/emedswiss.ch\\\/de\\\/#website\",\"url\":\"https:\\\/\\\/emedswiss.ch\\\/de\\\/\",\"name\":\"emedSwiss\",\"description\":\"Connecting people for better healthcare\",\"publisher\":{\"@id\":\"https:\\\/\\\/emedswiss.ch\\\/de\\\/#organization\"},\"potentialAction\":[{\"@type\":\"SearchAction\",\"target\":{\"@type\":\"EntryPoint\",\"urlTemplate\":\"https:\\\/\\\/emedswiss.ch\\\/de\\\/?s={search_term_string}\"},\"query-input\":{\"@type\":\"PropertyValueSpecification\",\"valueRequired\":true,\"valueName\":\"search_term_string\"}}],\"inLanguage\":\"de\"},{\"@type\":\"Organization\",\"@id\":\"https:\\\/\\\/emedswiss.ch\\\/de\\\/#organization\",\"name\":\"emedSwiss SA\",\"url\":\"https:\\\/\\\/emedswiss.ch\\\/de\\\/\",\"logo\":{\"@type\":\"ImageObject\",\"inLanguage\":\"de\",\"@id\":\"https:\\\/\\\/emedswiss.ch\\\/de\\\/#\\\/schema\\\/logo\\\/image\\\/\",\"url\":\"https:\\\/\\\/emedswiss.ch\\\/wp-content\\\/uploads\\\/2024\\\/11\\\/LOGO_site-EMEDSWISS_RVB.png\",\"contentUrl\":\"https:\\\/\\\/emedswiss.ch\\\/wp-content\\\/uploads\\\/2024\\\/11\\\/LOGO_site-EMEDSWISS_RVB.png\",\"width\":896,\"height\":897,\"caption\":\"emedSwiss SA\"},\"image\":{\"@id\":\"https:\\\/\\\/emedswiss.ch\\\/de\\\/#\\\/schema\\\/logo\\\/image\\\/\"},\"sameAs\":[\"https:\\\/\\\/www.linkedin.com\\\/company\\\/emedswiss-sa\\\/\"]}]}<\/script>\n<!-- \/ Yoast SEO plugin. -->","yoast_head_json":{"title":"emedEDM - emedSwiss","robots":{"index":"index","follow":"follow","max-snippet":"max-snippet:-1","max-image-preview":"max-image-preview:large","max-video-preview":"max-video-preview:-1"},"canonical":"https:\/\/emedswiss.ch\/de\/emededm\/","og_locale":"de_DE","og_type":"article","og_title":"emedEDM - emedSwiss","og_description":"emedEdm Integriertes Dokumentenmanagement f\u00fcr eine optimierte Patientenbetreuung emedEDM ist ein vollst\u00e4ndig integriertes Modul f\u00fcr das elektronische Dokumentenmanagement (DMS), entwickelt zur Vereinfachung und Absicherung Ihrer Dokumentationsprozesse.Dokumente einfach klassifizieren, weiterleiten und freigeben \u2013 sicher und effizient eine Demo erhalten Dokumentenprozesse automatisieren \u2013 Produktivit\u00e4t steigern \u2714\ufe0f Optimieren Sie Ihre Abl\u00e4ufe durch automatisierte Workflows, sparen Sie wertvolle Zeit und [&hellip;]","og_url":"https:\/\/emedswiss.ch\/de\/emededm\/","og_site_name":"emedSwiss","article_modified_time":"2025-04-15T13:45:33+00:00","og_image":[{"width":1778,"height":3000,"url":"https:\/\/emedswiss.ch\/wp-content\/uploads\/2024\/12\/EMEDSWISS-LOGO.png","type":"image\/png"}],"twitter_card":"summary_large_image","twitter_misc":{"Gesch\u00e4tzte Lesezeit":"2\u00a0Minuten"},"schema":{"@context":"https:\/\/schema.org","@graph":[{"@type":"WebPage","@id":"https:\/\/emedswiss.ch\/de\/emededm\/","url":"https:\/\/emedswiss.ch\/de\/emededm\/","name":"emedEDM - emedSwiss","isPartOf":{"@id":"https:\/\/emedswiss.ch\/de\/#website"},"primaryImageOfPage":{"@id":"https:\/\/emedswiss.ch\/de\/emededm\/#primaryimage"},"image":{"@id":"https:\/\/emedswiss.ch\/de\/emededm\/#primaryimage"},"thumbnailUrl":"https:\/\/emedswiss.ch\/wp-content\/uploads\/2024\/12\/EMEDSWISS-LOGO.png","datePublished":"2025-03-04T00:24:34+00:00","dateModified":"2025-04-15T13:45:33+00:00","breadcrumb":{"@id":"https:\/\/emedswiss.ch\/de\/emededm\/#breadcrumb"},"inLanguage":"de","potentialAction":[{"@type":"ReadAction","target":["https:\/\/emedswiss.ch\/de\/emededm\/"]}]},{"@type":"ImageObject","inLanguage":"de","@id":"https:\/\/emedswiss.ch\/de\/emededm\/#primaryimage","url":"https:\/\/emedswiss.ch\/wp-content\/uploads\/2024\/12\/EMEDSWISS-LOGO.png","contentUrl":"https:\/\/emedswiss.ch\/wp-content\/uploads\/2024\/12\/EMEDSWISS-LOGO.png"},{"@type":"BreadcrumbList","@id":"https:\/\/emedswiss.ch\/de\/emededm\/#breadcrumb","itemListElement":[{"@type":"ListItem","position":1,"name":"Accueil","item":"https:\/\/emedswiss.ch\/de\/"},{"@type":"ListItem","position":2,"name":"emedEDM"}]},{"@type":"WebSite","@id":"https:\/\/emedswiss.ch\/de\/#website","url":"https:\/\/emedswiss.ch\/de\/","name":"emedSwiss","description":"Connecting people for better healthcare","publisher":{"@id":"https:\/\/emedswiss.ch\/de\/#organization"},"potentialAction":[{"@type":"SearchAction","target":{"@type":"EntryPoint","urlTemplate":"https:\/\/emedswiss.ch\/de\/?s={search_term_string}"},"query-input":{"@type":"PropertyValueSpecification","valueRequired":true,"valueName":"search_term_string"}}],"inLanguage":"de"},{"@type":"Organization","@id":"https:\/\/emedswiss.ch\/de\/#organization","name":"emedSwiss SA","url":"https:\/\/emedswiss.ch\/de\/","logo":{"@type":"ImageObject","inLanguage":"de","@id":"https:\/\/emedswiss.ch\/de\/#\/schema\/logo\/image\/","url":"https:\/\/emedswiss.ch\/wp-content\/uploads\/2024\/11\/LOGO_site-EMEDSWISS_RVB.png","contentUrl":"https:\/\/emedswiss.ch\/wp-content\/uploads\/2024\/11\/LOGO_site-EMEDSWISS_RVB.png","width":896,"height":897,"caption":"emedSwiss SA"},"image":{"@id":"https:\/\/emedswiss.ch\/de\/#\/schema\/logo\/image\/"},"sameAs":["https:\/\/www.linkedin.com\/company\/emedswiss-sa\/"]}]}},"_links":{"self":[{"href":"https:\/\/emedswiss.ch\/de\/wp-json\/wp\/v2\/pages\/16580","targetHints":{"allow":["GET"]}}],"collection":[{"href":"https:\/\/emedswiss.ch\/de\/wp-json\/wp\/v2\/pages"}],"about":[{"href":"https:\/\/emedswiss.ch\/de\/wp-json\/wp\/v2\/types\/page"}],"author":[{"embeddable":true,"href":"https:\/\/emedswiss.ch\/de\/wp-json\/wp\/v2\/users\/1"}],"replies":[{"embeddable":true,"href":"https:\/\/emedswiss.ch\/de\/wp-json\/wp\/v2\/comments?post=16580"}],"version-history":[{"count":5,"href":"https:\/\/emedswiss.ch\/de\/wp-json\/wp\/v2\/pages\/16580\/revisions"}],"predecessor-version":[{"id":16791,"href":"https:\/\/emedswiss.ch\/de\/wp-json\/wp\/v2\/pages\/16580\/revisions\/16791"}],"wp:attachment":[{"href":"https:\/\/emedswiss.ch\/de\/wp-json\/wp\/v2\/media?parent=16580"}],"curies":[{"name":"wp","href":"https:\/\/api.w.org\/{rel}","templated":true}]}}