{"id":16529,"date":"2025-02-04T13:57:19","date_gmt":"2025-02-04T12:57:19","guid":{"rendered":"https:\/\/emedswiss.ch\/emedcarehome\/"},"modified":"2025-04-15T14:41:56","modified_gmt":"2025-04-15T13:41:56","slug":"emedcarehome","status":"publish","type":"page","link":"https:\/\/emedswiss.ch\/de\/emedcarehome\/","title":{"rendered":"emedCareHome"},"content":{"rendered":"\t\t<div data-elementor-type=\"wp-page\" data-elementor-id=\"16529\" class=\"elementor elementor-16529 elementor-12292\">\n\t\t\t\t<div class=\"elementor-element elementor-element-4648f7b e-flex e-con-boxed e-con e-parent\" data-id=\"4648f7b\" data-element_type=\"container\" data-e-type=\"container\">\n\t\t\t\t\t<div class=\"e-con-inner\">\n\t\t\t\t<div class=\"elementor-element elementor-element-72e443a elementor-widget elementor-widget-spacer\" data-id=\"72e443a\" data-element_type=\"widget\" data-e-type=\"widget\" data-widget_type=\"spacer.default\">\n\t\t\t\t<div class=\"elementor-widget-container\">\n\t\t\t\t\t\t\t<div class=\"elementor-spacer\">\n\t\t\t<div class=\"elementor-spacer-inner\"><\/div>\n\t\t<\/div>\n\t\t\t\t\t\t<\/div>\n\t\t\t\t<\/div>\n\t\t\t\t\t<\/div>\n\t\t\t\t<\/div>\n\t\t<div class=\"elementor-element elementor-element-de7a975 e-flex e-con-boxed e-con e-parent\" data-id=\"de7a975\" data-element_type=\"container\" data-e-type=\"container\">\n\t\t\t\t\t<div class=\"e-con-inner\">\n\t\t\t\t<div class=\"elementor-element elementor-element-d66615a elementor-widget elementor-widget-heading\" data-id=\"d66615a\" data-element_type=\"widget\" data-e-type=\"widget\" data-widget_type=\"heading.default\">\n\t\t\t\t<div class=\"elementor-widget-container\">\n\t\t\t\t\t<h1 class=\"elementor-heading-title elementor-size-default\">emedCareHome<\/h1>\t\t\t\t<\/div>\n\t\t\t\t<\/div>\n\t\t\t\t\t<\/div>\n\t\t\t\t<\/div>\n\t\t<div class=\"elementor-element elementor-element-c04a487 e-flex e-con-boxed e-con e-parent\" data-id=\"c04a487\" data-element_type=\"container\" data-e-type=\"container\">\n\t\t\t\t\t<div class=\"e-con-inner\">\n\t\t\t\t<div class=\"elementor-element elementor-element-3629c1b elementor-widget elementor-widget-text-editor\" data-id=\"3629c1b\" data-element_type=\"widget\" data-e-type=\"widget\" data-widget_type=\"text-editor.default\">\n\t\t\t\t<div class=\"elementor-widget-container\">\n\t\t\t\t\t\t\t\t\t<p class=\"p2\">Die Komplettl\u00f6sung f\u00fcr die h\u00e4usliche Versorgung<\/p>\t\t\t\t\t\t\t\t<\/div>\n\t\t\t\t<\/div>\n\t\t\t\t\t<\/div>\n\t\t\t\t<\/div>\n\t\t<div class=\"elementor-element elementor-element-a378ca0 e-flex e-con-boxed e-con e-parent\" data-id=\"a378ca0\" data-element_type=\"container\" data-e-type=\"container\">\n\t\t\t\t\t<div class=\"e-con-inner\">\n\t\t\t\t<div class=\"elementor-element elementor-element-36a8ea0 elementor-widget elementor-widget-spacer\" data-id=\"36a8ea0\" data-element_type=\"widget\" data-e-type=\"widget\" data-widget_type=\"spacer.default\">\n\t\t\t\t<div class=\"elementor-widget-container\">\n\t\t\t\t\t\t\t<div class=\"elementor-spacer\">\n\t\t\t<div class=\"elementor-spacer-inner\"><\/div>\n\t\t<\/div>\n\t\t\t\t\t\t<\/div>\n\t\t\t\t<\/div>\n\t\t\t\t\t<\/div>\n\t\t\t\t<\/div>\n\t\t<div class=\"elementor-element elementor-element-41d55f8 elementor-hidden-mobile e-flex e-con-boxed e-con e-parent\" data-id=\"41d55f8\" data-element_type=\"container\" data-e-type=\"container\">\n\t\t\t\t\t<div class=\"e-con-inner\">\n\t\t<div class=\"elementor-element elementor-element-1c10804 e-con-full e-flex e-con e-child\" data-id=\"1c10804\" data-element_type=\"container\" data-e-type=\"container\">\n\t\t\t\t<div class=\"elementor-element elementor-element-89e437a elementor-widget elementor-widget-text-editor\" data-id=\"89e437a\" data-element_type=\"widget\" data-e-type=\"widget\" data-widget_type=\"text-editor.default\">\n\t\t\t\t<div class=\"elementor-widget-container\">\n\t\t\t\t\t\t\t\t\t<p>emedCareHome erleichtert die Organisation und Koordination von Pflege zu Hause durch eine reibungslose Zusammenarbeit zwischen Pflegekr\u00e4ften, \u00c4rzt:innen und Angeh\u00f6rigen.<br><strong>emedCareHome<\/strong> ist speziell f\u00fcr Fachkr\u00e4fte der ambulanten Pflege und betreuende Angeh\u00f6rige entwickelt. Die L\u00f6sung erm\u00f6glicht eine optimierte Patientenverwaltung, eine verbesserte Versorgungskoordination und eine vereinfachte Kommunikation.<br>Mit einer intuitiven Benutzeroberfl\u00e4che und intelligenten Tools automatisiert sie administrative Aufgaben, st\u00e4rkt die interprofessionelle Zusammenarbeit und gew\u00e4hrleistet eine pr\u00e4zise und sichere Patientenbetreuung.<\/p>\t\t\t\t\t\t\t\t<\/div>\n\t\t\t\t<\/div>\n\t\t\t\t<\/div>\n\t\t\t\t\t<\/div>\n\t\t\t\t<\/div>\n\t\t<div class=\"elementor-element elementor-element-9b0b589 e-flex e-con-boxed e-con e-parent\" data-id=\"9b0b589\" data-element_type=\"container\" data-e-type=\"container\">\n\t\t\t\t\t<div class=\"e-con-inner\">\n\t\t\t\t<div class=\"elementor-element elementor-element-b8fee59 elementor-align-center e-transform elementor-invisible elementor-widget elementor-widget-button\" data-id=\"b8fee59\" data-element_type=\"widget\" data-e-type=\"widget\" data-settings=\"{&quot;_animation&quot;:&quot;bounceInLeft&quot;,&quot;_transform_scale_effect_hover&quot;:{&quot;unit&quot;:&quot;px&quot;,&quot;size&quot;:1.3,&quot;sizes&quot;:[]},&quot;_transform_scale_effect_hover_tablet&quot;:{&quot;unit&quot;:&quot;px&quot;,&quot;size&quot;:&quot;&quot;,&quot;sizes&quot;:[]},&quot;_transform_scale_effect_hover_mobile&quot;:{&quot;unit&quot;:&quot;px&quot;,&quot;size&quot;:&quot;&quot;,&quot;sizes&quot;:[]}}\" data-widget_type=\"button.default\">\n\t\t\t\t<div class=\"elementor-widget-container\">\n\t\t\t\t\t\t\t\t\t<div class=\"elementor-button-wrapper\">\n\t\t\t\t\t<a class=\"elementor-button elementor-button-link elementor-size-sm\" href=\"https:\/\/emedswiss.ch\/de\/demo-kontakt\/\">\n\t\t\t\t\t\t<span class=\"elementor-button-content-wrapper\">\n\t\t\t\t\t\t\t\t\t<span class=\"elementor-button-text\">eine Demo erhalten<\/span>\n\t\t\t\t\t<\/span>\n\t\t\t\t\t<\/a>\n\t\t\t\t<\/div>\n\t\t\t\t\t\t\t\t<\/div>\n\t\t\t\t<\/div>\n\t\t\t\t\t<\/div>\n\t\t\t\t<\/div>\n\t\t<div class=\"elementor-element elementor-element-555d42b e-grid e-con-boxed e-con e-parent\" data-id=\"555d42b\" data-element_type=\"container\" data-e-type=\"container\" data-settings=\"{&quot;background_background&quot;:&quot;classic&quot;}\">\n\t\t\t\t\t<div class=\"e-con-inner\">\n\t\t\t\t<div class=\"elementor-element elementor-element-d4e5d26 elementor-widget elementor-widget-text-editor\" data-id=\"d4e5d26\" data-element_type=\"widget\" data-e-type=\"widget\" data-widget_type=\"text-editor.default\">\n\t\t\t\t<div class=\"elementor-widget-container\">\n\t\t\t\t\t\t\t\t\t<h5>Optimierte Verwaltung der h\u00e4uslichen Pflege<\/h5><p class=\"p2\">\u2714\ufe0f<\/p><p class=\"p2\">Zentrales administratives Patientenprofil, auf das Pfleger, \u00c4rzte und pflegende Angeh\u00f6rige in Echtzeit zugreifen k\u00f6nnen.<br>\u2714\ufe0f <br>Vereinfachung der Verwaltungsaufgaben f\u00fcr mehr Effizienz.<br>\u2714\ufe0f <br>Sichere gemeinsame Nutzung von Patientenakten mit Pflegeorganisationen.<\/p>\t\t\t\t\t\t\t\t<\/div>\n\t\t\t\t<\/div>\n\t\t\t\t<div class=\"elementor-element elementor-element-6ba3b3d elementor-widget elementor-widget-text-editor\" data-id=\"6ba3b3d\" data-element_type=\"widget\" data-e-type=\"widget\" data-widget_type=\"text-editor.default\">\n\t\t\t\t<div class=\"elementor-widget-container\">\n\t\t\t\t\t\t\t\t\t<h5>Vereinfachte Verschreibung und Behandlungsplan<\/h5><p class=\"p2\">\u2714\ufe0f<\/p><p class=\"p2\">Schnelles Hinzuf\u00fcgen von Leistungen \u00fcber einen integrierten Katalog.<br>\u2714\ufe0f<br>Vollst\u00e4ndige Pflegeplanung mit Echtzeit-\u00dcbersicht \u00fcber klinische Ma\u00dfnahmen.<br>\u2714\ufe0f<br>Pr\u00e4zises Medikationsmanagement mit Allergiekontrolle.<\/p>\t\t\t\t\t\t\t\t<\/div>\n\t\t\t\t<\/div>\n\t\t\t\t<div class=\"elementor-element elementor-element-e2480eb elementor-widget elementor-widget-text-editor\" data-id=\"e2480eb\" data-element_type=\"widget\" data-e-type=\"widget\" data-widget_type=\"text-editor.default\">\n\t\t\t\t<div class=\"elementor-widget-container\">\n\t\t\t\t\t\t\t\t\t<h5>Zusammenarbeit und Kommunikation in Echtzeit<\/h5><p class=\"p2\">\u2714\ufe0f<\/p><p class=\"p2\">Reibungsloser und sicherer Informationsaustausch zwischen Pflegekr\u00e4ften, \u00c4rzt:innen und betreuenden Angeh\u00f6rigen.<br>\u2714\ufe0f<br>Direkte Abstimmung mit der behandelnden \u00c4rztin bzw. dem behandelnden Arzt f\u00fcr eine schnelle Anpassung der Pflege.<br>\u2714\ufe0f<br>Schnelles Hinzuf\u00fcgen von Beobachtungen und Anmerkungen \u2013 inklusive Fotos und Dokumenten \u2013 f\u00fcr eine optimale Verlaufskontrolle.<\/p>\t\t\t\t\t\t\t\t<\/div>\n\t\t\t\t<\/div>\n\t\t\t\t\t<\/div>\n\t\t\t\t<\/div>\n\t\t<div class=\"elementor-element elementor-element-82c805e e-grid e-con-boxed e-con e-parent\" data-id=\"82c805e\" data-element_type=\"container\" data-e-type=\"container\" data-settings=\"{&quot;background_background&quot;:&quot;classic&quot;}\">\n\t\t\t\t\t<div class=\"e-con-inner\">\n\t\t\t\t<div class=\"elementor-element elementor-element-91a93d8 elementor-widget elementor-widget-text-editor\" data-id=\"91a93d8\" data-element_type=\"widget\" data-e-type=\"widget\" data-widget_type=\"text-editor.default\">\n\t\t\t\t<div class=\"elementor-widget-container\">\n\t\t\t\t\t\t\t\t\t<h5>Integrierte Videosprechstunde<\/h5><p class=\"p2\">\u2714\ufe0f<\/p><p class=\"p2\">Einfache und sichere Fernkonsultation \u2013 schnell zug\u00e4nglich, ohne technische H\u00fcrden.<br>\u2714\ufe0f<br>Intuitives Teilen medizinischer Daten f\u00fcr eine nahtlose und kontinuierliche Patientenversorgung.<\/p>\t\t\t\t\t\t\t\t<\/div>\n\t\t\t\t<\/div>\n\t\t\t\t<div class=\"elementor-element elementor-element-cefe83b elementor-widget elementor-widget-text-editor\" data-id=\"cefe83b\" data-element_type=\"widget\" data-e-type=\"widget\" data-widget_type=\"text-editor.default\">\n\t\t\t\t<div class=\"elementor-widget-container\">\n\t\t\t\t\t\t\t\t\t<h5>Automatisierte Rechnungsstellung<\/h5><p class=\"p2\">\u2714\ufe0f<\/p><p class=\"p2\">Optimierung des Rechnungsstellungsprozesses mit minimalem Verwaltungsaufwand.<\/p>\t\t\t\t\t\t\t\t<\/div>\n\t\t\t\t<\/div>\n\t\t\t\t\t<\/div>\n\t\t\t\t<\/div>\n\t\t<div class=\"elementor-element elementor-element-3ef4da9 e-flex e-con-boxed e-con e-parent\" data-id=\"3ef4da9\" data-element_type=\"container\" data-e-type=\"container\">\n\t\t\t\t\t<div class=\"e-con-inner\">\n\t\t\t\t<div class=\"elementor-element elementor-element-3906573 elementor-widget elementor-widget-spacer\" data-id=\"3906573\" data-element_type=\"widget\" data-e-type=\"widget\" data-widget_type=\"spacer.default\">\n\t\t\t\t<div class=\"elementor-widget-container\">\n\t\t\t\t\t\t\t<div class=\"elementor-spacer\">\n\t\t\t<div class=\"elementor-spacer-inner\"><\/div>\n\t\t<\/div>\n\t\t\t\t\t\t<\/div>\n\t\t\t\t<\/div>\n\t\t\t\t\t<\/div>\n\t\t\t\t<\/div>\n\t\t<div class=\"elementor-element elementor-element-7b2e170 e-grid elementor-hidden-mobile elementor-hidden-tablet e-con-boxed e-con e-parent\" data-id=\"7b2e170\" data-element_type=\"container\" data-e-type=\"container\" data-settings=\"{&quot;background_background&quot;:&quot;classic&quot;}\">\n\t\t\t\t\t<div class=\"e-con-inner\">\n\t\t\t\t<div class=\"elementor-element elementor-element-4183637 elementor-widget__width-initial elementor-hidden-mobile elementor-widget elementor-widget-text-editor\" data-id=\"4183637\" data-element_type=\"widget\" data-e-type=\"widget\" data-widget_type=\"text-editor.default\">\n\t\t\t\t<div class=\"elementor-widget-container\">\n\t\t\t\t\t\t\t\t\t<p>Place des Perri\u00e8res 2<br>1296 Coppet<br>Tel. +41 22 512 12 12 | Mail: contact@emedswiss.ch<\/p>\t\t\t\t\t\t\t\t<\/div>\n\t\t\t\t<\/div>\n\t\t\t\t<div class=\"elementor-element elementor-element-424f87a elementor-widget__width-initial elementor-widget-mobile__width-inherit elementor-widget elementor-widget-text-editor\" data-id=\"424f87a\" data-element_type=\"widget\" data-e-type=\"widget\" data-widget_type=\"text-editor.default\">\n\t\t\t\t<div class=\"elementor-widget-container\">\n\t\t\t\t\t\t\t\t\t<p><em>emedSwiss SA &#8211; Alle Rechte vorbehalten &#8211; Visuelle Identit\u00e4t und Web-Design : <a href=\"https:\/\/www.instagram.com\/dianeclaire.z\/\">dianeclaire.z<\/a> &amp; <a href=\"https:\/\/illyria.ch\/\">\u00a9 Illyria Communication<\/a><\/em><\/p>\t\t\t\t\t\t\t\t<\/div>\n\t\t\t\t<\/div>\n\t\t\t\t\t<\/div>\n\t\t\t\t<\/div>\n\t\t<div class=\"elementor-element elementor-element-7fcd101 e-con-full elementor-hidden-mobile elementor-hidden-tablet e-flex e-con e-parent\" data-id=\"7fcd101\" data-element_type=\"container\" data-e-type=\"container\" data-settings=\"{&quot;background_background&quot;:&quot;classic&quot;}\">\n\t\t\t\t<div class=\"elementor-element elementor-element-3fca5f9 elementor-widget elementor-widget-image\" data-id=\"3fca5f9\" data-element_type=\"widget\" data-e-type=\"widget\" data-widget_type=\"image.default\">\n\t\t\t\t<div class=\"elementor-widget-container\">\n\t\t\t\t\t\t\t\t\t\t\t\t\t\t\t<img fetchpriority=\"high\" decoding=\"async\" width=\"1778\" height=\"3000\" src=\"https:\/\/emedswiss.ch\/wp-content\/uploads\/2024\/12\/EMEDSWISS-LOGO.png\" class=\"attachment-full size-full wp-image-16187\" alt=\"\" srcset=\"https:\/\/emedswiss.ch\/wp-content\/uploads\/2024\/12\/EMEDSWISS-LOGO.png 1778w, https:\/\/emedswiss.ch\/wp-content\/uploads\/2024\/12\/EMEDSWISS-LOGO-178x300.png 178w, https:\/\/emedswiss.ch\/wp-content\/uploads\/2024\/12\/EMEDSWISS-LOGO-607x1024.png 607w, https:\/\/emedswiss.ch\/wp-content\/uploads\/2024\/12\/EMEDSWISS-LOGO-768x1296.png 768w, https:\/\/emedswiss.ch\/wp-content\/uploads\/2024\/12\/EMEDSWISS-LOGO-910x1536.png 910w, https:\/\/emedswiss.ch\/wp-content\/uploads\/2024\/12\/EMEDSWISS-LOGO-1214x2048.png 1214w, https:\/\/emedswiss.ch\/wp-content\/uploads\/2024\/12\/EMEDSWISS-LOGO-600x1012.png 600w, https:\/\/emedswiss.ch\/wp-content\/uploads\/2024\/12\/elementor\/thumbs\/EMEDSWISS-LOGO-qysdjvd7wff7x3q5ia8gj7spbxbwpi13aa8m2xnlz4.png 190w, https:\/\/emedswiss.ch\/wp-content\/uploads\/2024\/12\/elementor\/thumbs\/EMEDSWISS-LOGO-qysdjvda7r56kvrtj45vn06lsvbgthphu83meg1ssg.png 380w\" sizes=\"(max-width: 1778px) 100vw, 1778px\" \/>\t\t\t\t\t\t\t\t\t\t\t\t\t\t\t<\/div>\n\t\t\t\t<\/div>\n\t\t\t\t<div class=\"elementor-element elementor-element-02a4f48 elementor-widget elementor-widget-image\" data-id=\"02a4f48\" data-element_type=\"widget\" data-e-type=\"widget\" data-widget_type=\"image.default\">\n\t\t\t\t<div class=\"elementor-widget-container\">\n\t\t\t\t\t\t\t\t\t\t\t\t\t\t\t<img decoding=\"async\" src=\"https:\/\/emedswiss.ch\/wp-content\/uploads\/elementor\/thumbs\/LOGO-modif-EMEDSWISS_RVB_blanc-qysdgnr2b182n07c8ls87evazano3w3ne9ox5c1nwo.png\" title=\"LOGO-modif-EMEDSWISS_RVB_blanc\" alt=\"LOGO-modif-EMEDSWISS_RVB_blanc\" loading=\"lazy\" \/>\t\t\t\t\t\t\t\t\t\t\t\t\t\t\t<\/div>\n\t\t\t\t<\/div>\n\t\t\t\t<\/div>\n\t\t<div class=\"elementor-element elementor-element-ca8a2c4 elementor-hidden-desktop elementor-hidden-tablet e-flex e-con-boxed e-con e-parent\" data-id=\"ca8a2c4\" data-element_type=\"container\" data-e-type=\"container\">\n\t\t\t\t\t<div class=\"e-con-inner\">\n\t\t\t\t<div class=\"elementor-element elementor-element-73a1019 elementor-hidden-desktop elementor-widget elementor-widget-image\" data-id=\"73a1019\" data-element_type=\"widget\" data-e-type=\"widget\" data-widget_type=\"image.default\">\n\t\t\t\t<div class=\"elementor-widget-container\">\n\t\t\t\t\t\t\t\t\t\t\t\t\t\t\t<img decoding=\"async\" width=\"1024\" height=\"354\" src=\"https:\/\/emedswiss.ch\/wp-content\/uploads\/2025\/03\/Capture-decran-2025-03-20-a-23.07.17-1024x354.png\" class=\"attachment-large size-large wp-image-16391\" alt=\"\" srcset=\"https:\/\/emedswiss.ch\/wp-content\/uploads\/2025\/03\/Capture-decran-2025-03-20-a-23.07.17-1024x354.png 1024w, https:\/\/emedswiss.ch\/wp-content\/uploads\/2025\/03\/Capture-decran-2025-03-20-a-23.07.17-300x104.png 300w, https:\/\/emedswiss.ch\/wp-content\/uploads\/2025\/03\/Capture-decran-2025-03-20-a-23.07.17-768x266.png 768w, https:\/\/emedswiss.ch\/wp-content\/uploads\/2025\/03\/Capture-decran-2025-03-20-a-23.07.17-1536x532.png 1536w, https:\/\/emedswiss.ch\/wp-content\/uploads\/2025\/03\/Capture-decran-2025-03-20-a-23.07.17-600x208.png 600w, https:\/\/emedswiss.ch\/wp-content\/uploads\/2025\/03\/Capture-decran-2025-03-20-a-23.07.17.png 1612w\" sizes=\"(max-width: 1024px) 100vw, 1024px\" \/>\t\t\t\t\t\t\t\t\t\t\t\t\t\t\t<\/div>\n\t\t\t\t<\/div>\n\t\t\t\t\t<\/div>\n\t\t\t\t<\/div>\n\t\t\t\t<\/div>\n\t\t","protected":false},"excerpt":{"rendered":"<p>emedCareHome Die Komplettl\u00f6sung f\u00fcr die h\u00e4usliche Versorgung emedCareHome erleichtert die Organisation und Koordination von Pflege zu Hause durch eine reibungslose Zusammenarbeit zwischen Pflegekr\u00e4ften, \u00c4rzt:innen und Angeh\u00f6rigen.emedCareHome ist speziell f\u00fcr Fachkr\u00e4fte der ambulanten Pflege und betreuende Angeh\u00f6rige entwickelt. Die L\u00f6sung erm\u00f6glicht eine optimierte Patientenverwaltung, eine verbesserte Versorgungskoordination und eine vereinfachte Kommunikation.Mit einer intuitiven Benutzeroberfl\u00e4che und intelligenten [&hellip;]<\/p>\n","protected":false},"author":1,"featured_media":0,"parent":0,"menu_order":0,"comment_status":"closed","ping_status":"closed","template":"page-full-width.php","meta":{"footnotes":""},"class_list":["post-16529","page","type-page","status-publish","hentry"],"yoast_head":"<!-- This site is optimized with the Yoast SEO plugin v27.3 - https:\/\/yoast.com\/product\/yoast-seo-wordpress\/ -->\n<title>emedCareHome - emedSwiss<\/title>\n<meta name=\"robots\" content=\"index, follow, max-snippet:-1, max-image-preview:large, max-video-preview:-1\" \/>\n<link rel=\"canonical\" href=\"https:\/\/emedswiss.ch\/de\/emedcarehome\/\" \/>\n<meta property=\"og:locale\" content=\"de_DE\" \/>\n<meta property=\"og:type\" content=\"article\" \/>\n<meta property=\"og:title\" content=\"emedCareHome - emedSwiss\" \/>\n<meta property=\"og:description\" content=\"emedCareHome Die Komplettl\u00f6sung f\u00fcr die h\u00e4usliche Versorgung emedCareHome erleichtert die Organisation und Koordination von Pflege zu Hause durch eine reibungslose Zusammenarbeit zwischen Pflegekr\u00e4ften, \u00c4rzt:innen und Angeh\u00f6rigen.emedCareHome ist speziell f\u00fcr Fachkr\u00e4fte der ambulanten Pflege und betreuende Angeh\u00f6rige entwickelt. Die L\u00f6sung erm\u00f6glicht eine optimierte Patientenverwaltung, eine verbesserte Versorgungskoordination und eine vereinfachte Kommunikation.Mit einer intuitiven Benutzeroberfl\u00e4che und intelligenten [&hellip;]\" \/>\n<meta property=\"og:url\" content=\"https:\/\/emedswiss.ch\/de\/emedcarehome\/\" \/>\n<meta property=\"og:site_name\" content=\"emedSwiss\" \/>\n<meta property=\"article:modified_time\" content=\"2025-04-15T13:41:56+00:00\" \/>\n<meta property=\"og:image\" content=\"https:\/\/emedswiss.ch\/wp-content\/uploads\/2024\/12\/EMEDSWISS-LOGO.png\" \/>\n\t<meta property=\"og:image:width\" content=\"1778\" \/>\n\t<meta property=\"og:image:height\" content=\"3000\" \/>\n\t<meta property=\"og:image:type\" content=\"image\/png\" \/>\n<meta name=\"twitter:card\" content=\"summary_large_image\" \/>\n<meta name=\"twitter:label1\" content=\"Gesch\u00e4tzte Lesezeit\" \/>\n\t<meta name=\"twitter:data1\" content=\"2\u00a0Minuten\" \/>\n<script type=\"application\/ld+json\" class=\"yoast-schema-graph\">{\"@context\":\"https:\\\/\\\/schema.org\",\"@graph\":[{\"@type\":\"WebPage\",\"@id\":\"https:\\\/\\\/emedswiss.ch\\\/de\\\/emedcarehome\\\/\",\"url\":\"https:\\\/\\\/emedswiss.ch\\\/de\\\/emedcarehome\\\/\",\"name\":\"emedCareHome - emedSwiss\",\"isPartOf\":{\"@id\":\"https:\\\/\\\/emedswiss.ch\\\/de\\\/#website\"},\"primaryImageOfPage\":{\"@id\":\"https:\\\/\\\/emedswiss.ch\\\/de\\\/emedcarehome\\\/#primaryimage\"},\"image\":{\"@id\":\"https:\\\/\\\/emedswiss.ch\\\/de\\\/emedcarehome\\\/#primaryimage\"},\"thumbnailUrl\":\"https:\\\/\\\/emedswiss.ch\\\/wp-content\\\/uploads\\\/2024\\\/12\\\/EMEDSWISS-LOGO.png\",\"datePublished\":\"2025-02-04T12:57:19+00:00\",\"dateModified\":\"2025-04-15T13:41:56+00:00\",\"breadcrumb\":{\"@id\":\"https:\\\/\\\/emedswiss.ch\\\/de\\\/emedcarehome\\\/#breadcrumb\"},\"inLanguage\":\"de\",\"potentialAction\":[{\"@type\":\"ReadAction\",\"target\":[\"https:\\\/\\\/emedswiss.ch\\\/de\\\/emedcarehome\\\/\"]}]},{\"@type\":\"ImageObject\",\"inLanguage\":\"de\",\"@id\":\"https:\\\/\\\/emedswiss.ch\\\/de\\\/emedcarehome\\\/#primaryimage\",\"url\":\"https:\\\/\\\/emedswiss.ch\\\/wp-content\\\/uploads\\\/2024\\\/12\\\/EMEDSWISS-LOGO.png\",\"contentUrl\":\"https:\\\/\\\/emedswiss.ch\\\/wp-content\\\/uploads\\\/2024\\\/12\\\/EMEDSWISS-LOGO.png\"},{\"@type\":\"BreadcrumbList\",\"@id\":\"https:\\\/\\\/emedswiss.ch\\\/de\\\/emedcarehome\\\/#breadcrumb\",\"itemListElement\":[{\"@type\":\"ListItem\",\"position\":1,\"name\":\"Accueil\",\"item\":\"https:\\\/\\\/emedswiss.ch\\\/de\\\/\"},{\"@type\":\"ListItem\",\"position\":2,\"name\":\"emedCareHome\"}]},{\"@type\":\"WebSite\",\"@id\":\"https:\\\/\\\/emedswiss.ch\\\/de\\\/#website\",\"url\":\"https:\\\/\\\/emedswiss.ch\\\/de\\\/\",\"name\":\"emedSwiss\",\"description\":\"Connecting people for better healthcare\",\"publisher\":{\"@id\":\"https:\\\/\\\/emedswiss.ch\\\/de\\\/#organization\"},\"potentialAction\":[{\"@type\":\"SearchAction\",\"target\":{\"@type\":\"EntryPoint\",\"urlTemplate\":\"https:\\\/\\\/emedswiss.ch\\\/de\\\/?s={search_term_string}\"},\"query-input\":{\"@type\":\"PropertyValueSpecification\",\"valueRequired\":true,\"valueName\":\"search_term_string\"}}],\"inLanguage\":\"de\"},{\"@type\":\"Organization\",\"@id\":\"https:\\\/\\\/emedswiss.ch\\\/de\\\/#organization\",\"name\":\"emedSwiss SA\",\"url\":\"https:\\\/\\\/emedswiss.ch\\\/de\\\/\",\"logo\":{\"@type\":\"ImageObject\",\"inLanguage\":\"de\",\"@id\":\"https:\\\/\\\/emedswiss.ch\\\/de\\\/#\\\/schema\\\/logo\\\/image\\\/\",\"url\":\"https:\\\/\\\/emedswiss.ch\\\/wp-content\\\/uploads\\\/2024\\\/11\\\/LOGO_site-EMEDSWISS_RVB.png\",\"contentUrl\":\"https:\\\/\\\/emedswiss.ch\\\/wp-content\\\/uploads\\\/2024\\\/11\\\/LOGO_site-EMEDSWISS_RVB.png\",\"width\":896,\"height\":897,\"caption\":\"emedSwiss SA\"},\"image\":{\"@id\":\"https:\\\/\\\/emedswiss.ch\\\/de\\\/#\\\/schema\\\/logo\\\/image\\\/\"},\"sameAs\":[\"https:\\\/\\\/www.linkedin.com\\\/company\\\/emedswiss-sa\\\/\"]}]}<\/script>\n<!-- \/ Yoast SEO plugin. -->","yoast_head_json":{"title":"emedCareHome - emedSwiss","robots":{"index":"index","follow":"follow","max-snippet":"max-snippet:-1","max-image-preview":"max-image-preview:large","max-video-preview":"max-video-preview:-1"},"canonical":"https:\/\/emedswiss.ch\/de\/emedcarehome\/","og_locale":"de_DE","og_type":"article","og_title":"emedCareHome - emedSwiss","og_description":"emedCareHome Die Komplettl\u00f6sung f\u00fcr die h\u00e4usliche Versorgung emedCareHome erleichtert die Organisation und Koordination von Pflege zu Hause durch eine reibungslose Zusammenarbeit zwischen Pflegekr\u00e4ften, \u00c4rzt:innen und Angeh\u00f6rigen.emedCareHome ist speziell f\u00fcr Fachkr\u00e4fte der ambulanten Pflege und betreuende Angeh\u00f6rige entwickelt. Die L\u00f6sung erm\u00f6glicht eine optimierte Patientenverwaltung, eine verbesserte Versorgungskoordination und eine vereinfachte Kommunikation.Mit einer intuitiven Benutzeroberfl\u00e4che und intelligenten [&hellip;]","og_url":"https:\/\/emedswiss.ch\/de\/emedcarehome\/","og_site_name":"emedSwiss","article_modified_time":"2025-04-15T13:41:56+00:00","og_image":[{"width":1778,"height":3000,"url":"https:\/\/emedswiss.ch\/wp-content\/uploads\/2024\/12\/EMEDSWISS-LOGO.png","type":"image\/png"}],"twitter_card":"summary_large_image","twitter_misc":{"Gesch\u00e4tzte Lesezeit":"2\u00a0Minuten"},"schema":{"@context":"https:\/\/schema.org","@graph":[{"@type":"WebPage","@id":"https:\/\/emedswiss.ch\/de\/emedcarehome\/","url":"https:\/\/emedswiss.ch\/de\/emedcarehome\/","name":"emedCareHome - emedSwiss","isPartOf":{"@id":"https:\/\/emedswiss.ch\/de\/#website"},"primaryImageOfPage":{"@id":"https:\/\/emedswiss.ch\/de\/emedcarehome\/#primaryimage"},"image":{"@id":"https:\/\/emedswiss.ch\/de\/emedcarehome\/#primaryimage"},"thumbnailUrl":"https:\/\/emedswiss.ch\/wp-content\/uploads\/2024\/12\/EMEDSWISS-LOGO.png","datePublished":"2025-02-04T12:57:19+00:00","dateModified":"2025-04-15T13:41:56+00:00","breadcrumb":{"@id":"https:\/\/emedswiss.ch\/de\/emedcarehome\/#breadcrumb"},"inLanguage":"de","potentialAction":[{"@type":"ReadAction","target":["https:\/\/emedswiss.ch\/de\/emedcarehome\/"]}]},{"@type":"ImageObject","inLanguage":"de","@id":"https:\/\/emedswiss.ch\/de\/emedcarehome\/#primaryimage","url":"https:\/\/emedswiss.ch\/wp-content\/uploads\/2024\/12\/EMEDSWISS-LOGO.png","contentUrl":"https:\/\/emedswiss.ch\/wp-content\/uploads\/2024\/12\/EMEDSWISS-LOGO.png"},{"@type":"BreadcrumbList","@id":"https:\/\/emedswiss.ch\/de\/emedcarehome\/#breadcrumb","itemListElement":[{"@type":"ListItem","position":1,"name":"Accueil","item":"https:\/\/emedswiss.ch\/de\/"},{"@type":"ListItem","position":2,"name":"emedCareHome"}]},{"@type":"WebSite","@id":"https:\/\/emedswiss.ch\/de\/#website","url":"https:\/\/emedswiss.ch\/de\/","name":"emedSwiss","description":"Connecting people for better healthcare","publisher":{"@id":"https:\/\/emedswiss.ch\/de\/#organization"},"potentialAction":[{"@type":"SearchAction","target":{"@type":"EntryPoint","urlTemplate":"https:\/\/emedswiss.ch\/de\/?s={search_term_string}"},"query-input":{"@type":"PropertyValueSpecification","valueRequired":true,"valueName":"search_term_string"}}],"inLanguage":"de"},{"@type":"Organization","@id":"https:\/\/emedswiss.ch\/de\/#organization","name":"emedSwiss SA","url":"https:\/\/emedswiss.ch\/de\/","logo":{"@type":"ImageObject","inLanguage":"de","@id":"https:\/\/emedswiss.ch\/de\/#\/schema\/logo\/image\/","url":"https:\/\/emedswiss.ch\/wp-content\/uploads\/2024\/11\/LOGO_site-EMEDSWISS_RVB.png","contentUrl":"https:\/\/emedswiss.ch\/wp-content\/uploads\/2024\/11\/LOGO_site-EMEDSWISS_RVB.png","width":896,"height":897,"caption":"emedSwiss SA"},"image":{"@id":"https:\/\/emedswiss.ch\/de\/#\/schema\/logo\/image\/"},"sameAs":["https:\/\/www.linkedin.com\/company\/emedswiss-sa\/"]}]}},"_links":{"self":[{"href":"https:\/\/emedswiss.ch\/de\/wp-json\/wp\/v2\/pages\/16529","targetHints":{"allow":["GET"]}}],"collection":[{"href":"https:\/\/emedswiss.ch\/de\/wp-json\/wp\/v2\/pages"}],"about":[{"href":"https:\/\/emedswiss.ch\/de\/wp-json\/wp\/v2\/types\/page"}],"author":[{"embeddable":true,"href":"https:\/\/emedswiss.ch\/de\/wp-json\/wp\/v2\/users\/1"}],"replies":[{"embeddable":true,"href":"https:\/\/emedswiss.ch\/de\/wp-json\/wp\/v2\/comments?post=16529"}],"version-history":[{"count":5,"href":"https:\/\/emedswiss.ch\/de\/wp-json\/wp\/v2\/pages\/16529\/revisions"}],"predecessor-version":[{"id":16776,"href":"https:\/\/emedswiss.ch\/de\/wp-json\/wp\/v2\/pages\/16529\/revisions\/16776"}],"wp:attachment":[{"href":"https:\/\/emedswiss.ch\/de\/wp-json\/wp\/v2\/media?parent=16529"}],"curies":[{"name":"wp","href":"https:\/\/api.w.org\/{rel}","templated":true}]}}